{"id":927778,"date":"2020-05-10T09:49:18","date_gmt":"2020-05-10T08:49:18","guid":{"rendered":"https:\/\/danwolf.de\/?page_id=927778"},"modified":"2024-08-02T15:10:09","modified_gmt":"2024-08-02T13:10:09","slug":"hinweise","status":"publish","type":"page","link":"https:\/\/kopfkirmes.info\/?page_id=927778","title":{"rendered":""},"content":{"rendered":"\n<h2 class=\"wp-block-heading has-text-align-center has-x-large-font-size\">Hinweise:<\/h2>\n\n\n\n<p class=\"has-small-font-size\">Ich betreibe diese Seite ausschlie\u00dflich privat! Ich versuche nat\u00fcrlich, mich in ein Thema einzulesen, &#8222;recherchiere&#8220; auch viel &#8222;im Hintergrund&#8220;, habe aber nat\u00fcrlich keine &#8222;fachliche Ausbildung&#8220; im Bereich der psychischen Erkrankungen. Daher bilden die Beitr\u00e4ge hier nur meine <strong><em>subjektive Meinung<\/em><\/strong> &amp; meine <strong><em>pers\u00f6nliche Erfahrung<\/em><\/strong> in Bezug zu psychischen Erkrankung ab und sollen keineswegs &#8222;Allgemeing\u00fcltig&#8220; sein.<\/p>\n\n\n\n<p class=\"has-small-font-size\">Nat\u00fcrlich freue ich mich immer \u00fcber einen Erfahrungsaustausch, aber konkrete Hilfe (in einer eigenen Krise) kann &amp; m\u00f6chte ich nicht anbieten. Ich tausche mich gerne mit ebenfalls Betroffenen aus, muss aber &#8211; auch f\u00fcr meinen eigenen &#8222;Schutz&#8220; &#8211; gewisse &#8222;Grenzen&#8220; ziehen.<\/p>\n\n\n\n<p class=\"has-small-font-size\">Falls ihr Euch als beim Lesen meiner Beitr\u00e4ge nicht wohl f\u00fchlt, ich mit meinen Worten eventuell einen Punkt bei Euch treffe oder aber ihr Euch allgemein nicht stabil genug f\u00fchlt, um \u00fcber dieses Thema zu lesen, scheut Euch bitte nicht davor Hilfe zu suchen &amp; anzunehmen. Und macht beim Lesen durchaus auch mal eine Pause&#8230; ;)<\/p>\n\n\n\n<p class=\"has-small-font-size\">Hilfe findet Ihr zum Beispiel bei Eurem Hausarzt, bei Fach\u00e4rtzen, aber nat\u00fcrlich auch im n\u00e4heren Umfeld bei Euch vertrauten Person. Zudem m\u00f6chte ich an dieser Stelle nochmals auf die Telefonseelsorge Deutschland verweisen:<\/p>\n\n\n\n<p class=\"has-very-light-gray-background-color has-background\" style=\"font-size:14px\"><strong>0800 111 0 111<\/strong> <br><strong>0800 111 0 222<\/strong><br>(Geb\u00fchrenfrei innerhalb Deutschland)<br><a href=\"https:\/\/www.telefonseelsorge.de\/\" target=\"_blank\" rel=\"noreferrer noopener\"><em>www.telefonseelsorge.de<\/em><\/a> (Beratung per Mail &amp; Chat m\u00f6glich!)<\/p>\n\n\n\n<p class=\"has-small-font-size\">Zus\u00e4tzlich werde ich in Zukunft sensible Themenbereiche hinter einem sogenannten <strong><em>&#8222;Spoilertag&#8220;<\/em><\/strong> verbergen und als <strong><em>&#8222;Trigger&#8220;<\/em><\/strong> kennzeichnen. Somit k\u00f6nnt ihr selbst entscheiden, ob ihr gerade diese Textausschnitte lesen wollt. Ein Klick auf den Spoilertag und ihr k\u00f6nnte diese Stellen lesen&#8230;<\/p>\n","protected":false},"excerpt":{"rendered":"<p>Hinweise: Ich betreibe diese Seite ausschlie\u00dflich privat! Ich versuche nat\u00fcrlich, mich in ein Thema einzulesen, &#8222;recherchiere&#8220; auch viel &#8222;im Hintergrund&#8220;, habe aber nat\u00fcrlich keine &#8222;fachliche Ausbildung&#8220; im Bereich der psychischen Erkrankungen. Daher bilden die Beitr\u00e4ge hier nur meine subjektive Meinung &amp; meine pers\u00f6nliche Erfahrung in Bezug zu psychischen Erkrankung ab und sollen keineswegs &#8222;Allgemeing\u00fcltig&#8220; sein. [&hellip;]<\/p>\n","protected":false},"author":1,"featured_media":0,"parent":0,"menu_order":0,"comment_status":"closed","ping_status":"closed","template":"","meta":{"footnotes":""},"class_list":["post-927778","page","type-page","status-publish","hentry"],"jetpack_shortlink":"https:\/\/wp.me\/P2hr3K-3Tma","jetpack_sharing_enabled":true,"_links":{"self":[{"href":"https:\/\/kopfkirmes.info\/index.php?rest_route=\/wp\/v2\/pages\/927778","targetHints":{"allow":["GET"]}}],"collection":[{"href":"https:\/\/kopfkirmes.info\/index.php?rest_route=\/wp\/v2\/pages"}],"about":[{"href":"https:\/\/kopfkirmes.info\/index.php?rest_route=\/wp\/v2\/types\/page"}],"author":[{"embeddable":true,"href":"https:\/\/kopfkirmes.info\/index.php?rest_route=\/wp\/v2\/users\/1"}],"replies":[{"embeddable":true,"href":"https:\/\/kopfkirmes.info\/index.php?rest_route=%2Fwp%2Fv2%2Fcomments&post=927778"}],"version-history":[{"count":18,"href":"https:\/\/kopfkirmes.info\/index.php?rest_route=\/wp\/v2\/pages\/927778\/revisions"}],"predecessor-version":[{"id":1866323,"href":"https:\/\/kopfkirmes.info\/index.php?rest_route=\/wp\/v2\/pages\/927778\/revisions\/1866323"}],"wp:attachment":[{"href":"https:\/\/kopfkirmes.info\/index.php?rest_route=%2Fwp%2Fv2%2Fmedia&parent=927778"}],"curies":[{"name":"wp","href":"https:\/\/api.w.org\/{rel}","templated":true}]}}